{"id":153,"date":"2025-07-15T20:57:33","date_gmt":"2025-07-15T20:57:33","guid":{"rendered":"https:\/\/caudalesdecolombia.com.co\/arboretto\/?page_id=153"},"modified":"2025-07-16T05:22:40","modified_gmt":"2025-07-16T05:22:40","slug":"radicacion-de-pqrs","status":"publish","type":"page","link":"https:\/\/caudalesdecolombia.com.co\/arboretto\/radicacion-de-pqrs\/","title":{"rendered":"Radicaci\u00f3n de PQRS"},"content":{"rendered":"\t\t<div data-elementor-type=\"wp-page\" data-elementor-id=\"153\" class=\"elementor elementor-153\" data-elementor-post-type=\"page\">\n\t\t\t\t<div class=\"elementor-element elementor-element-1b09ef6 e-flex e-con-boxed e-con e-parent\" data-id=\"1b09ef6\" data-element_type=\"container\" data-settings=\"{&quot;background_background&quot;:&quot;classic&quot;}\">\n\t\t\t\t\t<div class=\"e-con-inner\">\n\t\t\t\t<div class=\"elementor-element elementor-element-e6bdd65 elementor-widget elementor-widget-jet-breadcrumbs\" data-id=\"e6bdd65\" data-element_type=\"widget\" data-widget_type=\"jet-breadcrumbs.default\">\n\t\t\t\t<div class=\"elementor-widget-container\">\n\t\t\t\t\t<div class=\"elementor-jet-breadcrumbs jet-blocks\">\n\t\t<div class=\"jet-breadcrumbs\">\n\t\t<div class=\"jet-breadcrumbs__content\">\n\t\t<div class=\"jet-breadcrumbs__wrap\"><div class=\"jet-breadcrumbs__item\"><a href=\"https:\/\/caudalesdecolombia.com.co\/arboretto\/\" class=\"jet-breadcrumbs__item-link is-home\" rel=\"home\" title=\"Inicio\">Inicio<\/a><\/div>\n\t\t<\/div>\n\t\t<\/div>\n\t\t<\/div><\/div>\t\t\t\t<\/div>\n\t\t\t\t<\/div>\n\t\t\t\t<div class=\"elementor-element elementor-element-ef138dc elementor-widget-divider--view-line elementor-widget elementor-widget-divider\" data-id=\"ef138dc\" data-element_type=\"widget\" data-widget_type=\"divider.default\">\n\t\t\t\t<div class=\"elementor-widget-container\">\n\t\t\t\t\t\t\t<div class=\"elementor-divider\">\n\t\t\t<span class=\"elementor-divider-separator\">\n\t\t\t\t\t\t<\/span>\n\t\t<\/div>\n\t\t\t\t\t\t<\/div>\n\t\t\t\t<\/div>\n\t\t\t\t<div class=\"elementor-element elementor-element-449995b elementor-widget elementor-widget-heading\" data-id=\"449995b\" data-element_type=\"widget\" data-widget_type=\"heading.default\">\n\t\t\t\t<div class=\"elementor-widget-container\">\n\t\t\t\t\t<h1 class=\"elementor-heading-title elementor-size-default\">Radicaci\u00f3n de PQRS<\/h1>\t\t\t\t<\/div>\n\t\t\t\t<\/div>\n\t\t\t\t<div class=\"elementor-element elementor-element-a03b978 elementor-widget__width-initial elementor-widget elementor-widget-text-editor\" data-id=\"a03b978\" data-element_type=\"widget\" data-widget_type=\"text-editor.default\">\n\t\t\t\t<div class=\"elementor-widget-container\">\n\t\t\t\t\t\t\t\t\t<p>Registra aqu\u00ed tus peticiones, quejas, reclamos o sugerencias de forma f\u00e1cil y r\u00e1pida.<\/p>\t\t\t\t\t\t\t\t<\/div>\n\t\t\t\t<\/div>\n\t\t\t\t\t<\/div>\n\t\t\t\t<\/div>\n\t\t<div class=\"elementor-element elementor-element-28b5a2b e-flex e-con-boxed e-con e-parent\" data-id=\"28b5a2b\" data-element_type=\"container\">\n\t\t\t\t\t<div class=\"e-con-inner\">\n\t\t\t\t<div class=\"elementor-element elementor-element-07db5bb elementor-widget elementor-widget-text-editor\" data-id=\"07db5bb\" data-element_type=\"widget\" data-widget_type=\"text-editor.default\">\n\t\t\t\t<div class=\"elementor-widget-container\">\n\t\t\t\t\t\t\t\t\t<p>Si usted es usuario de ARBORETTO y desea enviar una petici\u00f3n, queja, reclamo o solicitud por favor diligencie el siguiente formulario con sus datos completos y reales. Nuestros asesores le har\u00e1n seguimiento a su caso y se comunicar\u00e1n con usted.<\/p>\t\t\t\t\t\t\t\t<\/div>\n\t\t\t\t<\/div>\n\t\t\t\t<div class=\"elementor-element elementor-element-fccdc58 elementor-button-align-start elementor-widget elementor-widget-form\" data-id=\"fccdc58\" data-element_type=\"widget\" data-settings=\"{&quot;button_width&quot;:&quot;20&quot;,&quot;step_next_label&quot;:&quot;Next&quot;,&quot;step_previous_label&quot;:&quot;Previous&quot;,&quot;step_type&quot;:&quot;number_text&quot;,&quot;step_icon_shape&quot;:&quot;circle&quot;}\" data-widget_type=\"form.default\">\n\t\t\t\t<div class=\"elementor-widget-container\">\n\t\t\t\t\t\t\t<form class=\"elementor-form\" method=\"post\" name=\"New Form\" aria-label=\"New Form\">\n\t\t\t<input type=\"hidden\" name=\"post_id\" value=\"153\"\/>\n\t\t\t<input type=\"hidden\" name=\"form_id\" value=\"fccdc58\"\/>\n\t\t\t<input type=\"hidden\" name=\"referer_title\" value=\"Arboretto\" \/>\n\n\t\t\t\n\t\t\t<div class=\"elementor-form-fields-wrapper elementor-labels-\">\n\t\t\t\t\t\t\t\t<div class=\"elementor-field-type-select elementor-field-group elementor-column elementor-field-group-solicitante elementor-col-50 elementor-field-required\">\n\t\t\t\t\t\t\t\t\t\t\t\t<label for=\"form-field-solicitante\" class=\"elementor-field-label elementor-screen-only\">\n\t\t\t\t\t\t\t\tTipo de solicitante\t\t\t\t\t\t\t<\/label>\n\t\t\t\t\t\t\t\t<div class=\"elementor-field elementor-select-wrapper remove-before \">\n\t\t\t<div class=\"select-caret-down-wrapper\">\n\t\t\t\t<i aria-hidden=\"true\" class=\"eicon-caret-down\"><\/i>\t\t\t<\/div>\n\t\t\t<select name=\"form_fields[solicitante]\" id=\"form-field-solicitante\" class=\"elementor-field-textual elementor-size-sm\" required=\"required\">\n\t\t\t\t\t\t\t\t\t<option value=\"Tipo de solicitante...\">Tipo de solicitante...<\/option>\n\t\t\t\t\t\t\t\t\t<option value=\"Consulta\">Consulta<\/option>\n\t\t\t\t\t\t\t\t\t<option value=\"Denuncia por actos de Corrupci\u00f3n\">Denuncia por actos de Corrupci\u00f3n<\/option>\n\t\t\t\t\t\t\t\t\t<option value=\"Derecho de Petici\u00f3n\">Derecho de Petici\u00f3n<\/option>\n\t\t\t\t\t\t\t\t\t<option value=\"Queja\">Queja<\/option>\n\t\t\t\t\t\t\t\t\t<option value=\"Reclamo\">Reclamo<\/option>\n\t\t\t\t\t\t\t\t\t<option value=\"Solucitud de informaci\u00f3n\">Solucitud de informaci\u00f3n<\/option>\n\t\t\t\t\t\t\t\t\t<option value=\"Sugerencia\">Sugerencia<\/option>\n\t\t\t\t\t\t\t<\/select>\n\t\t<\/div>\n\t\t\t\t\t\t<\/div>\n\t\t\t\t\t\t\t\t<div class=\"elementor-field-type-select elementor-field-group elementor-column elementor-field-group-solicitud elementor-col-50 elementor-field-required\">\n\t\t\t\t\t\t\t\t\t\t\t\t<label for=\"form-field-solicitud\" class=\"elementor-field-label elementor-screen-only\">\n\t\t\t\t\t\t\t\tTipo de solicitud\t\t\t\t\t\t\t<\/label>\n\t\t\t\t\t\t\t\t<div class=\"elementor-field elementor-select-wrapper remove-before \">\n\t\t\t<div class=\"select-caret-down-wrapper\">\n\t\t\t\t<i aria-hidden=\"true\" class=\"eicon-caret-down\"><\/i>\t\t\t<\/div>\n\t\t\t<select name=\"form_fields[solicitud]\" id=\"form-field-solicitud\" class=\"elementor-field-textual elementor-size-sm\" required=\"required\">\n\t\t\t\t\t\t\t\t\t<option value=\"Tipo de solicitud...\">Tipo de solicitud...<\/option>\n\t\t\t\t\t\t\t\t\t<option value=\"An\u00f3nimo\">An\u00f3nimo<\/option>\n\t\t\t\t\t\t\t\t\t<option value=\"Persona Natural\">Persona Natural<\/option>\n\t\t\t\t\t\t\t\t\t<option value=\"Persona Jur\u00eddica\">Persona Jur\u00eddica<\/option>\n\t\t\t\t\t\t\t<\/select>\n\t\t<\/div>\n\t\t\t\t\t\t<\/div>\n\t\t\t\t\t\t\t\t<div class=\"elementor-field-type-text elementor-field-group elementor-column elementor-field-group-matricula elementor-col-50 elementor-field-required\">\n\t\t\t\t\t\t\t\t\t\t\t\t<label for=\"form-field-matricula\" class=\"elementor-field-label elementor-screen-only\">\n\t\t\t\t\t\t\t\tNo. de matr\u00edcula\t\t\t\t\t\t\t<\/label>\n\t\t\t\t\t\t\t\t\t\t\t\t\t\t<input size=\"1\" type=\"text\" name=\"form_fields[matricula]\" id=\"form-field-matricula\" class=\"elementor-field elementor-size-sm  elementor-field-textual\" placeholder=\"No. de matr\u00edcula\" required=\"required\">\n\t\t\t\t\t\t\t\t\t\t\t<\/div>\n\t\t\t\t\t\t\t\t<div class=\"elementor-field-type-text elementor-field-group elementor-column elementor-field-group-ciudad elementor-col-50 elementor-field-required\">\n\t\t\t\t\t\t\t\t\t\t\t\t<label for=\"form-field-ciudad\" class=\"elementor-field-label elementor-screen-only\">\n\t\t\t\t\t\t\t\tCiudad\t\t\t\t\t\t\t<\/label>\n\t\t\t\t\t\t\t\t\t\t\t\t\t\t<input size=\"1\" type=\"text\" name=\"form_fields[ciudad]\" id=\"form-field-ciudad\" class=\"elementor-field elementor-size-sm  elementor-field-textual\" placeholder=\"Ciudad\" required=\"required\">\n\t\t\t\t\t\t\t\t\t\t\t<\/div>\n\t\t\t\t\t\t\t\t<div class=\"elementor-field-type-text elementor-field-group elementor-column elementor-field-group-pais elementor-col-50 elementor-field-required\">\n\t\t\t\t\t\t\t\t\t\t\t\t<label for=\"form-field-pais\" class=\"elementor-field-label elementor-screen-only\">\n\t\t\t\t\t\t\t\tPa\u00eds\t\t\t\t\t\t\t<\/label>\n\t\t\t\t\t\t\t\t\t\t\t\t\t\t<input size=\"1\" type=\"text\" name=\"form_fields[pais]\" id=\"form-field-pais\" class=\"elementor-field elementor-size-sm  elementor-field-textual\" placeholder=\"Pa\u00eds\" required=\"required\">\n\t\t\t\t\t\t\t\t\t\t\t<\/div>\n\t\t\t\t\t\t\t\t<div class=\"elementor-field-type-text elementor-field-group elementor-column elementor-field-group-departamento elementor-col-50 elementor-field-required\">\n\t\t\t\t\t\t\t\t\t\t\t\t<label for=\"form-field-departamento\" class=\"elementor-field-label elementor-screen-only\">\n\t\t\t\t\t\t\t\tDepartamento\t\t\t\t\t\t\t<\/label>\n\t\t\t\t\t\t\t\t\t\t\t\t\t\t<input size=\"1\" type=\"text\" name=\"form_fields[departamento]\" id=\"form-field-departamento\" class=\"elementor-field elementor-size-sm  elementor-field-textual\" placeholder=\"Departamento\" required=\"required\">\n\t\t\t\t\t\t\t\t\t\t\t<\/div>\n\t\t\t\t\t\t\t\t<div class=\"elementor-field-type-text elementor-field-group elementor-column elementor-field-group-direccion elementor-col-50 elementor-field-required\">\n\t\t\t\t\t\t\t\t\t\t\t\t<label for=\"form-field-direccion\" class=\"elementor-field-label elementor-screen-only\">\n\t\t\t\t\t\t\t\tDirecci\u00f3n de correspondencia\t\t\t\t\t\t\t<\/label>\n\t\t\t\t\t\t\t\t\t\t\t\t\t\t<input size=\"1\" type=\"text\" name=\"form_fields[direccion]\" id=\"form-field-direccion\" class=\"elementor-field elementor-size-sm  elementor-field-textual\" placeholder=\"Direcci\u00f3n de correspondencia\" required=\"required\">\n\t\t\t\t\t\t\t\t\t\t\t<\/div>\n\t\t\t\t\t\t\t\t<div class=\"elementor-field-type-email elementor-field-group elementor-column elementor-field-group-email elementor-col-50 elementor-field-required\">\n\t\t\t\t\t\t\t\t\t\t\t\t<label for=\"form-field-email\" class=\"elementor-field-label elementor-screen-only\">\n\t\t\t\t\t\t\t\tCorreo electr\u00f3nico\t\t\t\t\t\t\t<\/label>\n\t\t\t\t\t\t\t\t\t\t\t\t\t\t<input size=\"1\" type=\"email\" name=\"form_fields[email]\" id=\"form-field-email\" class=\"elementor-field elementor-size-sm  elementor-field-textual\" placeholder=\"Correo electr\u00f3nico\" required=\"required\">\n\t\t\t\t\t\t\t\t\t\t\t<\/div>\n\t\t\t\t\t\t\t\t<div class=\"elementor-field-type-text elementor-field-group elementor-column elementor-field-group-nombre elementor-col-50 elementor-field-required\">\n\t\t\t\t\t\t\t\t\t\t\t\t<label for=\"form-field-nombre\" class=\"elementor-field-label elementor-screen-only\">\n\t\t\t\t\t\t\t\tNombre del contacto\t\t\t\t\t\t\t<\/label>\n\t\t\t\t\t\t\t\t\t\t\t\t\t\t<input size=\"1\" type=\"text\" name=\"form_fields[nombre]\" id=\"form-field-nombre\" class=\"elementor-field elementor-size-sm  elementor-field-textual\" placeholder=\"Nombre del contacto\" required=\"required\">\n\t\t\t\t\t\t\t\t\t\t\t<\/div>\n\t\t\t\t\t\t\t\t<div class=\"elementor-field-type-text elementor-field-group elementor-column elementor-field-group-numero elementor-col-50 elementor-field-required\">\n\t\t\t\t\t\t\t\t\t\t\t\t<label for=\"form-field-numero\" class=\"elementor-field-label elementor-screen-only\">\n\t\t\t\t\t\t\t\tNumero del contacto\t\t\t\t\t\t\t<\/label>\n\t\t\t\t\t\t\t\t\t\t\t\t\t\t<input size=\"1\" type=\"text\" name=\"form_fields[numero]\" id=\"form-field-numero\" class=\"elementor-field elementor-size-sm  elementor-field-textual\" placeholder=\"Numero del contacto\" required=\"required\">\n\t\t\t\t\t\t\t\t\t\t\t<\/div>\n\t\t\t\t\t\t\t\t<div class=\"elementor-field-type-textarea elementor-field-group elementor-column elementor-field-group-objeto elementor-col-100 elementor-field-required\">\n\t\t\t\t\t\t\t\t\t\t\t\t<label for=\"form-field-objeto\" class=\"elementor-field-label elementor-screen-only\">\n\t\t\t\t\t\t\t\tObjeto del PQRSD\t\t\t\t\t\t\t<\/label>\n\t\t\t\t\t\t<textarea class=\"elementor-field-textual elementor-field  elementor-size-sm\" name=\"form_fields[objeto]\" id=\"form-field-objeto\" rows=\"4\" placeholder=\"Objeto del PQRSD\" required=\"required\"><\/textarea>\t\t\t\t<\/div>\n\t\t\t\t\t\t\t\t<div class=\"elementor-field-type-html elementor-field-group elementor-column elementor-field-group-field_e095017 elementor-col-100\">\n\t\t\t\t\t<strong>Adjuntar Archivo:<\/strong>\t\t\t\t<\/div>\n\t\t\t\t\t\t\t\t<div class=\"elementor-field-type-upload elementor-field-group elementor-column elementor-field-group-archivo_adjunto elementor-col-100\">\n\t\t\t\t\t\t\t\t\t\t\t\t<label for=\"form-field-archivo_adjunto\" class=\"elementor-field-label elementor-screen-only\">\n\t\t\t\t\t\t\t\tAdjuntar archivo\t\t\t\t\t\t\t<\/label>\n\t\t\t\t\t\t\t\t<input type=\"file\" name=\"form_fields[archivo_adjunto]\" id=\"form-field-archivo_adjunto\" class=\"elementor-field elementor-size-sm  elementor-upload-field\" data-maxsize=\"10\" data-maxsize-message=\"This file exceeds the maximum allowed size.\">\n\n\t\t\t\t\t\t<\/div>\n\t\t\t\t\t\t\t\t<div class=\"elementor-field-type-acceptance elementor-field-group elementor-column elementor-field-group-terminos elementor-col-100\">\n\t\t\t\t\t\t\t<div class=\"elementor-field-subgroup\">\n\t\t\t<span class=\"elementor-field-option\">\n\t\t\t\t<input type=\"checkbox\" name=\"form_fields[terminos]\" id=\"form-field-terminos\" class=\"elementor-field elementor-size-sm  elementor-acceptance-field\" checked=\"checked\">\n\t\t\t\t<label for=\"form-field-terminos\">Acepto la <a class=\"terminos\" href=\"https:\/\/caudalesdecolombia.com.co\/arboretto\/politica-de-tratamiento-de-datos-personales\/\" target=\"_blank\">Pol\u00edtica de tratamiento de datos personales<\/a><\/label>\t\t\t<\/span>\n\t\t<\/div>\n\t\t\t\t\t\t<\/div>\n\t\t\t\t\t\t\t\t<div class=\"elementor-field-group elementor-column elementor-field-type-submit elementor-col-20 e-form__buttons\">\n\t\t\t\t\t<button class=\"elementor-button elementor-size-sm\" type=\"submit\">\n\t\t\t\t\t\t<span class=\"elementor-button-content-wrapper\">\n\t\t\t\t\t\t\t\t\t\t\t\t\t\t\t<span class=\"elementor-button-icon\">\n\t\t\t\t\t\t\t\t\t<svg xmlns=\"http:\/\/www.w3.org\/2000\/svg\" id=\"Capa_1\" data-name=\"Capa 1\" viewBox=\"0 0 101 98.2\"><path id=\"arrow-white\" d=\"M76.83,55.41H0v-12.63h76.83S42.97,8.93,42.97,8.93L51.9,0l49.1,49.1-49.1,49.1-8.93-8.93,33.86-33.86Z\"><\/path><\/svg>\t\t\t\t\t\t\t\t\t\t\t\t\t\t\t\t\t<\/span>\n\t\t\t\t\t\t\t\t\t\t\t\t\t\t\t\t\t\t\t\t\t\t<span class=\"elementor-button-text\">Enviar solicitud<\/span>\n\t\t\t\t\t\t\t\t\t\t\t\t\t<\/span>\n\t\t\t\t\t<\/button>\n\t\t\t\t<\/div>\n\t\t\t<\/div>\n\t\t<\/form>\n\t\t\t\t\t\t<\/div>\n\t\t\t\t<\/div>\n\t\t\t\t\t<\/div>\n\t\t\t\t<\/div>\n\t\t\t\t<\/div>\n\t\t","protected":false},"excerpt":{"rendered":"<p>Inicio Radicaci\u00f3n de PQRS Registra aqu\u00ed tus peticiones, quejas, reclamos o sugerencias de forma f\u00e1cil y r\u00e1pida. Si usted es usuario de ARBORETTO y desea enviar una petici\u00f3n, queja, reclamo o solicitud por favor diligencie el siguiente formulario con sus datos completos y reales. Nuestros asesores le har\u00e1n seguimiento a su caso y se comunicar\u00e1n [&hellip;]<\/p>\n","protected":false},"author":1,"featured_media":0,"parent":0,"menu_order":0,"comment_status":"closed","ping_status":"closed","template":"","meta":{"footnotes":""},"class_list":["post-153","page","type-page","status-publish","hentry"],"yoast_head":"<!-- This site is optimized with the Yoast SEO Premium plugin v25.3.1 (Yoast SEO v25.3.1) - https:\/\/yoast.com\/wordpress\/plugins\/seo\/ -->\n<title>Radicaci\u00f3n de PQRS - Arboretto<\/title>\n<meta name=\"robots\" content=\"noindex, follow, max-snippet:-1, max-image-preview:large, max-video-preview:-1\" \/>\n<meta property=\"og:locale\" content=\"es_ES\" \/>\n<meta property=\"og:type\" content=\"article\" \/>\n<meta property=\"og:title\" content=\"Radicaci\u00f3n de PQRS\" \/>\n<meta property=\"og:description\" content=\"Inicio Radicaci\u00f3n de PQRS Registra aqu\u00ed tus peticiones, quejas, reclamos o sugerencias de forma f\u00e1cil y r\u00e1pida. Si usted es usuario de ARBORETTO y desea enviar una petici\u00f3n, queja, reclamo o solicitud por favor diligencie el siguiente formulario con sus datos completos y reales. Nuestros asesores le har\u00e1n seguimiento a su caso y se comunicar\u00e1n [&hellip;]\" \/>\n<meta property=\"og:url\" content=\"https:\/\/caudalesdecolombia.com.co\/arboretto\/radicacion-de-pqrs\/\" \/>\n<meta property=\"og:site_name\" content=\"Arboretto\" \/>\n<meta property=\"article:modified_time\" content=\"2025-07-16T05:22:40+00:00\" \/>\n<meta name=\"twitter:card\" content=\"summary_large_image\" \/>\n<meta name=\"twitter:label1\" content=\"Tiempo de lectura\" \/>\n\t<meta name=\"twitter:data1\" content=\"1 minuto\" \/>\n<script type=\"application\/ld+json\" class=\"yoast-schema-graph\">{\"@context\":\"https:\/\/schema.org\",\"@graph\":[{\"@type\":\"WebPage\",\"@id\":\"https:\/\/caudalesdecolombia.com.co\/arboretto\/radicacion-de-pqrs\/\",\"url\":\"https:\/\/caudalesdecolombia.com.co\/arboretto\/radicacion-de-pqrs\/\",\"name\":\"Radicaci\u00f3n de PQRS - Arboretto\",\"isPartOf\":{\"@id\":\"https:\/\/caudalesdecolombia.com.co\/arboretto\/#website\"},\"datePublished\":\"2025-07-15T20:57:33+00:00\",\"dateModified\":\"2025-07-16T05:22:40+00:00\",\"breadcrumb\":{\"@id\":\"https:\/\/caudalesdecolombia.com.co\/arboretto\/radicacion-de-pqrs\/#breadcrumb\"},\"inLanguage\":\"es\",\"potentialAction\":[{\"@type\":\"ReadAction\",\"target\":[\"https:\/\/caudalesdecolombia.com.co\/arboretto\/radicacion-de-pqrs\/\"]}]},{\"@type\":\"BreadcrumbList\",\"@id\":\"https:\/\/caudalesdecolombia.com.co\/arboretto\/radicacion-de-pqrs\/#breadcrumb\",\"itemListElement\":[{\"@type\":\"ListItem\",\"position\":1,\"name\":\"Home\",\"item\":\"https:\/\/caudalesdecolombia.com.co\/arboretto\/\"},{\"@type\":\"ListItem\",\"position\":2,\"name\":\"Radicaci\u00f3n de PQRS\"}]},{\"@type\":\"WebSite\",\"@id\":\"https:\/\/caudalesdecolombia.com.co\/arboretto\/#website\",\"url\":\"https:\/\/caudalesdecolombia.com.co\/arboretto\/\",\"name\":\"Arboretto\",\"description\":\"Prestaci\u00f3n del Servicio de Acueducto\",\"potentialAction\":[{\"@type\":\"SearchAction\",\"target\":{\"@type\":\"EntryPoint\",\"urlTemplate\":\"https:\/\/caudalesdecolombia.com.co\/arboretto\/?s={search_term_string}\"},\"query-input\":{\"@type\":\"PropertyValueSpecification\",\"valueRequired\":true,\"valueName\":\"search_term_string\"}}],\"inLanguage\":\"es\"}]}<\/script>\n<!-- \/ Yoast SEO Premium plugin. -->","yoast_head_json":{"title":"Radicaci\u00f3n de PQRS - Arboretto","robots":{"index":"noindex","follow":"follow","max-snippet":"max-snippet:-1","max-image-preview":"max-image-preview:large","max-video-preview":"max-video-preview:-1"},"og_locale":"es_ES","og_type":"article","og_title":"Radicaci\u00f3n de PQRS","og_description":"Inicio Radicaci\u00f3n de PQRS Registra aqu\u00ed tus peticiones, quejas, reclamos o sugerencias de forma f\u00e1cil y r\u00e1pida. Si usted es usuario de ARBORETTO y desea enviar una petici\u00f3n, queja, reclamo o solicitud por favor diligencie el siguiente formulario con sus datos completos y reales. Nuestros asesores le har\u00e1n seguimiento a su caso y se comunicar\u00e1n [&hellip;]","og_url":"https:\/\/caudalesdecolombia.com.co\/arboretto\/radicacion-de-pqrs\/","og_site_name":"Arboretto","article_modified_time":"2025-07-16T05:22:40+00:00","twitter_card":"summary_large_image","twitter_misc":{"Tiempo de lectura":"1 minuto"},"schema":{"@context":"https:\/\/schema.org","@graph":[{"@type":"WebPage","@id":"https:\/\/caudalesdecolombia.com.co\/arboretto\/radicacion-de-pqrs\/","url":"https:\/\/caudalesdecolombia.com.co\/arboretto\/radicacion-de-pqrs\/","name":"Radicaci\u00f3n de PQRS - Arboretto","isPartOf":{"@id":"https:\/\/caudalesdecolombia.com.co\/arboretto\/#website"},"datePublished":"2025-07-15T20:57:33+00:00","dateModified":"2025-07-16T05:22:40+00:00","breadcrumb":{"@id":"https:\/\/caudalesdecolombia.com.co\/arboretto\/radicacion-de-pqrs\/#breadcrumb"},"inLanguage":"es","potentialAction":[{"@type":"ReadAction","target":["https:\/\/caudalesdecolombia.com.co\/arboretto\/radicacion-de-pqrs\/"]}]},{"@type":"BreadcrumbList","@id":"https:\/\/caudalesdecolombia.com.co\/arboretto\/radicacion-de-pqrs\/#breadcrumb","itemListElement":[{"@type":"ListItem","position":1,"name":"Home","item":"https:\/\/caudalesdecolombia.com.co\/arboretto\/"},{"@type":"ListItem","position":2,"name":"Radicaci\u00f3n de PQRS"}]},{"@type":"WebSite","@id":"https:\/\/caudalesdecolombia.com.co\/arboretto\/#website","url":"https:\/\/caudalesdecolombia.com.co\/arboretto\/","name":"Arboretto","description":"Prestaci\u00f3n del Servicio de Acueducto","potentialAction":[{"@type":"SearchAction","target":{"@type":"EntryPoint","urlTemplate":"https:\/\/caudalesdecolombia.com.co\/arboretto\/?s={search_term_string}"},"query-input":{"@type":"PropertyValueSpecification","valueRequired":true,"valueName":"search_term_string"}}],"inLanguage":"es"}]}},"_links":{"self":[{"href":"https:\/\/caudalesdecolombia.com.co\/arboretto\/wp-json\/wp\/v2\/pages\/153","targetHints":{"allow":["GET"]}}],"collection":[{"href":"https:\/\/caudalesdecolombia.com.co\/arboretto\/wp-json\/wp\/v2\/pages"}],"about":[{"href":"https:\/\/caudalesdecolombia.com.co\/arboretto\/wp-json\/wp\/v2\/types\/page"}],"author":[{"embeddable":true,"href":"https:\/\/caudalesdecolombia.com.co\/arboretto\/wp-json\/wp\/v2\/users\/1"}],"replies":[{"embeddable":true,"href":"https:\/\/caudalesdecolombia.com.co\/arboretto\/wp-json\/wp\/v2\/comments?post=153"}],"version-history":[{"count":22,"href":"https:\/\/caudalesdecolombia.com.co\/arboretto\/wp-json\/wp\/v2\/pages\/153\/revisions"}],"predecessor-version":[{"id":401,"href":"https:\/\/caudalesdecolombia.com.co\/arboretto\/wp-json\/wp\/v2\/pages\/153\/revisions\/401"}],"wp:attachment":[{"href":"https:\/\/caudalesdecolombia.com.co\/arboretto\/wp-json\/wp\/v2\/media?parent=153"}],"curies":[{"name":"wp","href":"https:\/\/api.w.org\/{rel}","templated":true}]}}