{"id":213,"date":"2025-07-15T22:41:25","date_gmt":"2025-07-15T22:41:25","guid":{"rendered":"https:\/\/caudalesdecolombia.com.co\/arboretto\/?page_id=213"},"modified":"2025-07-15T22:44:16","modified_gmt":"2025-07-15T22:44:16","slug":"contrato-de-condiciones-uniformes","status":"publish","type":"page","link":"https:\/\/caudalesdecolombia.com.co\/arboretto\/contrato-de-condiciones-uniformes\/","title":{"rendered":"Contrato de Condiciones Uniformes"},"content":{"rendered":"\t\t<div data-elementor-type=\"wp-page\" data-elementor-id=\"213\" class=\"elementor elementor-213\" data-elementor-post-type=\"page\">\n\t\t\t\t<div class=\"elementor-element elementor-element-4ae0c11 e-flex e-con-boxed e-con e-parent\" data-id=\"4ae0c11\" data-element_type=\"container\" data-settings=\"{&quot;background_background&quot;:&quot;classic&quot;}\">\n\t\t\t\t\t<div class=\"e-con-inner\">\n\t\t\t\t<div class=\"elementor-element elementor-element-fb31862 elementor-widget elementor-widget-jet-breadcrumbs\" data-id=\"fb31862\" data-element_type=\"widget\" data-widget_type=\"jet-breadcrumbs.default\">\n\t\t\t\t<div class=\"elementor-widget-container\">\n\t\t\t\t\t<div class=\"elementor-jet-breadcrumbs jet-blocks\">\n\t\t<div class=\"jet-breadcrumbs\">\n\t\t<div class=\"jet-breadcrumbs__content\">\n\t\t<div class=\"jet-breadcrumbs__wrap\"><div class=\"jet-breadcrumbs__item\"><a href=\"https:\/\/caudalesdecolombia.com.co\/arboretto\/\" class=\"jet-breadcrumbs__item-link is-home\" rel=\"home\" title=\"Inicio\">Inicio<\/a><\/div>\n\t\t<\/div>\n\t\t<\/div>\n\t\t<\/div><\/div>\t\t\t\t<\/div>\n\t\t\t\t<\/div>\n\t\t\t\t<div class=\"elementor-element elementor-element-ab52623 elementor-widget-divider--view-line elementor-widget elementor-widget-divider\" data-id=\"ab52623\" data-element_type=\"widget\" data-widget_type=\"divider.default\">\n\t\t\t\t<div class=\"elementor-widget-container\">\n\t\t\t\t\t\t\t<div class=\"elementor-divider\">\n\t\t\t<span class=\"elementor-divider-separator\">\n\t\t\t\t\t\t<\/span>\n\t\t<\/div>\n\t\t\t\t\t\t<\/div>\n\t\t\t\t<\/div>\n\t\t\t\t<div class=\"elementor-element elementor-element-4485be2 elementor-widget elementor-widget-heading\" data-id=\"4485be2\" data-element_type=\"widget\" data-widget_type=\"heading.default\">\n\t\t\t\t<div class=\"elementor-widget-container\">\n\t\t\t\t\t<h1 class=\"elementor-heading-title elementor-size-default\">Contrato de Condiciones Uniformes<\/h1>\t\t\t\t<\/div>\n\t\t\t\t<\/div>\n\t\t\t\t<div class=\"elementor-element elementor-element-c1c46a5 elementor-widget__width-initial elementor-widget elementor-widget-text-editor\" data-id=\"c1c46a5\" data-element_type=\"widget\" data-widget_type=\"text-editor.default\">\n\t\t\t\t<div class=\"elementor-widget-container\">\n\t\t\t\t\t\t\t\t\t<p>Condiciones uniformes del contrato para la prestaci\u00f3n del servicio p\u00fablico domiciliario de acueducto entre Aguas de Bogot\u00e1 S.A. E.S.P., y el suscriptor y\/o usuario<\/p>\t\t\t\t\t\t\t\t<\/div>\n\t\t\t\t<\/div>\n\t\t\t\t\t<\/div>\n\t\t\t\t<\/div>\n\t\t<div class=\"elementor-element elementor-element-99959a1 e-flex e-con-boxed e-con e-child\" data-id=\"99959a1\" data-element_type=\"container\">\n\t\t\t\t\t<div class=\"e-con-inner\">\n\t\t<div class=\"elementor-element elementor-element-c0e0e71 e-con-full item-pdf e-flex e-con e-child\" data-id=\"c0e0e71\" data-element_type=\"container\">\n\t\t<a class=\"elementor-element elementor-element-b6a5b5d e-con-full icon e-flex e-con e-child\" data-id=\"b6a5b5d\" data-element_type=\"container\" data-settings=\"{&quot;background_background&quot;:&quot;classic&quot;}\" href=\"https:\/\/caudalesdecolombia.com.co\/arboretto\/wp-content\/uploads\/2025\/07\/CCU-ARBORETTO.pdf\" target=\"_blank\">\n\t\t\t\t<div class=\"elementor-element elementor-element-6b337a3 elementor-view-default elementor-widget elementor-widget-icon\" data-id=\"6b337a3\" data-element_type=\"widget\" data-widget_type=\"icon.default\">\n\t\t\t\t<div class=\"elementor-widget-container\">\n\t\t\t\t\t\t\t<div class=\"elementor-icon-wrapper\">\n\t\t\t<div class=\"elementor-icon\">\n\t\t\t<svg xmlns=\"http:\/\/www.w3.org\/2000\/svg\" id=\"Capa_1\" data-name=\"Capa 1\" viewBox=\"0 0 372.04 384\"><path d=\"M357.79,0c9.17,3.51,13.48,9.21,14.25,19.1v263.31c-.1,9.66-5.57,18.2-15.57,19.65-3.76.54-19.47.93-21.69-1.49-2.57-2.81-1.33-8.53,2.59-9.4,8.16-1.82,22.55,4.53,23.42-8.03l-.51-266.49c-.65-2.23-1.65-4.2-3.94-5.05l-179.22-.24c-20.07,2.15-39.26,14.96-46.13,34.4h170.29c.43,0,4.64,1.06,5.41,1.33,5.5,1.92,8.95,6.13,11.08,11.4,2.57,89.69.34,179.82,1.13,269.68-.52,5.66-1.55,11.3-5.86,15.35-1.15,1.08-6.8,4.5-8.02,4.5h-84.21v18.38c0,3.46-2.78,10.17-5.25,12.74s-5.92,3.46-8.98,4.88H14.21c-8.95-3.55-12.74-8.68-13.5-18.35-2.24-28.68,1.72-60.27.04-89.26.64-8.53,6.36-16.24,15.3-16.92l244.07.02c7.91.92,5.27,11.26-.01,11.26h-39.3v66h82.71c1.68,0,4.76-6.57,4.14-8.6V67.09c-.55-7.75-2.37-9.56-10.1-10.12-55.16,2.41-112.87-3.09-167.74,0-30.33,1.71-54.56,21.4-56.52,52.87-2.6,41.77,2,86.25.06,128.3-.24,6.55-7.79,8.1-10.92,2.65l-.36-132.45c2.2-30.54,25.6-56.96,56.05-61.22,6.16-19.88,21.62-36.04,41.1-43.2l15.91-3.93h182.64ZM16.24,270.91c-3.89,1.08-4.04,4.25-4.31,7.68-2.16,27.99,1.68,58.75.03,87.03.19,2.84,1.38,5.22,3.94,6.56h189.74s2.8-2.44,2.8-2.44l-.17-96.56-1.87-1.88-190.16-.39Z\"><\/path><path d=\"M204.16,97.7c9.79-1.44,37.52-1.21,47.7-.19,6.59.66,12.32,4.72,13.11,11.62,1.02,8.94,1.08,33.89.02,42.77-.65,5.4-6.3,10.26-11.62,10.86-10.63,1.19-38.8,1.21-49.41,0-5.84-.67-10.95-5.75-11.6-11.62-.9-8.06-1.15-35.06.05-42.71.88-5.62,6.39-9.93,11.75-10.72ZM253.74,109.5h-50.15v40.88l1.12,1.12h47.91l1.12-1.12v-40.88Z\"><\/path><path d=\"M119.54,205.66l140.58-.17c7.26.72,6.38,10.85-.75,11.28H120.86c-6.69-.64-7.73-8.92-1.32-11.11Z\"><\/path><path d=\"M118.78,232.66l141.33-.17c7.26.72,6.38,10.85-.75,11.28l-137.75-.02c-6.94-.27-8.72-7.49-2.84-11.09Z\"><\/path><path d=\"M263.99,180.22c2.97,3.69.12,9.55-4.62,9.55H120.86c-6.37-.59-7.74-8.27-1.89-10.93l142.45-.13c.51.11,2.27,1.13,2.58,1.51Z\"><\/path><path d=\"M120.3,124.68c13.47-2.41,32.83,1.4,46.94-.14,6.66,1.06,6.91,10.68.06,11.22l-47.9-.03c-5.81-2.38-5.6-9.89.91-11.05Z\"><\/path><path d=\"M119.54,151.66l47.7-.12c6.77,1.08,6.66,10.04.08,11.25-14.4-1.64-33.32,2.08-47.15-.08-6.19-.97-6.64-9.28-.63-11.05Z\"><\/path><path d=\"M120.3,97.67c6.17-1.24,39.41-1.05,46.17-.1,7.45,1.04,7.9,10.37.83,11.2l-47.9-.03c-5.87-2.4-5.5-9.77.9-11.06Z\"><\/path><path d=\"M97.12,288.2c28.21-4.2,46.98,12.12,41,41.08-4.44,21.49-21.28,26.35-41.21,23.99-2.4-.28-4.28-1.36-5.44-3.55l-.11-56.8c.56-3.44,2.64-4.25,5.77-4.72ZM102.54,299.25v42.75h11.6c.23,0,3.72-1.4,4.31-1.68,11.76-5.65,12.47-31.37,1.82-38.21-5.04-3.23-11.93-2.87-17.73-2.86Z\"><\/path><path d=\"M48.64,330.75c-.74.74.96,17.24-.56,20.81-1.99,4.68-9.3,4.3-10.51-1.09l-.11-57.54c.98-6.25,12.65-5.24,17.58-4.96,12.87.74,24.86,6.81,24.96,21.49.06,8.64-9.23,21.29-18.26,21.29h-13.1ZM48.64,299.25v20.25h11.6c3.99,0,8.47-5.98,8.35-10.01-.31-10.26-12.18-10.79-19.95-10.24Z\"><\/path><path d=\"M162.79,326.25c-.74.47-.97,1.04-1.12,1.88-1.02,5.57.58,14.21.04,20.29-.79,8.79-10.4,8.12-11.29-1.51-1.16-12.52-1.16-38.54,0-51.06.27-2.86.73-5.6,3.6-6.89,3.39-1.53,20.79-1.4,24.91-.61,8.09,1.54,5.02,10.91,1.83,10.91h-17.96c-2.46,4.25-.52,10.78-1.12,15.75h16.09c1.64,0,4.54,3.87,4.64,5.74.08,1.51-2.06,5.51-3.15,5.51h-16.47Z\"><\/path><\/svg>\t\t\t<\/div>\n\t\t<\/div>\n\t\t\t\t\t\t<\/div>\n\t\t\t\t<\/div>\n\t\t\t\t<div class=\"elementor-element elementor-element-abc074e elementor-widget elementor-widget-heading\" data-id=\"abc074e\" data-element_type=\"widget\" data-widget_type=\"heading.default\">\n\t\t\t\t<div class=\"elementor-widget-container\">\n\t\t\t\t\t<h5 class=\"elementor-heading-title elementor-size-default\">Descargar PDF<\/h5>\t\t\t\t<\/div>\n\t\t\t\t<\/div>\n\t\t\t\t<\/a>\n\t\t\t\t<div class=\"elementor-element elementor-element-7c58877 elementor-widget elementor-widget-heading\" data-id=\"7c58877\" data-element_type=\"widget\" data-widget_type=\"heading.default\">\n\t\t\t\t<div class=\"elementor-widget-container\">\n\t\t\t\t\t<p class=\"elementor-heading-title elementor-size-default\">Nuevo Contrato de Condiciones Uniformes, conforme Resoluci\u00f3n CRA 873 de 2019<\/p>\t\t\t\t<\/div>\n\t\t\t\t<\/div>\n\t\t\t\t<\/div>\n\t\t\t\t\t<\/div>\n\t\t\t\t<\/div>\n\t\t\t\t<\/div>\n\t\t","protected":false},"excerpt":{"rendered":"<p>Inicio Condiciones uniformes del contrato para la prestaci\u00f3n del servicio p\u00fablico domiciliario de acueducto entre Aguas de Bogot\u00e1 S.A. E.S.P., y el suscriptor y\/o usuario Descargar PDF Nuevo Contrato de Condiciones Uniformes, conforme Resoluci\u00f3n CRA 873 de 2019<\/p>\n","protected":false},"author":1,"featured_media":0,"parent":0,"menu_order":0,"comment_status":"closed","ping_status":"closed","template":"","meta":{"footnotes":""},"class_list":["post-213","page","type-page","status-publish","hentry"],"yoast_head":"<!-- This site is optimized with the Yoast SEO Premium plugin v25.3.1 (Yoast SEO v25.3.1) - https:\/\/yoast.com\/wordpress\/plugins\/seo\/ -->\n<title>Contrato de Condiciones Uniformes - Arboretto<\/title>\n<meta name=\"robots\" content=\"noindex, follow, max-snippet:-1, max-image-preview:large, max-video-preview:-1\" \/>\n<meta property=\"og:locale\" content=\"es_ES\" \/>\n<meta property=\"og:type\" content=\"article\" \/>\n<meta property=\"og:title\" content=\"Contrato de Condiciones Uniformes\" \/>\n<meta property=\"og:description\" content=\"Inicio Condiciones uniformes del contrato para la prestaci\u00f3n del servicio p\u00fablico domiciliario de acueducto entre Aguas de Bogot\u00e1 S.A. E.S.P., y el suscriptor y\/o usuario Descargar PDF Nuevo Contrato de Condiciones Uniformes, conforme Resoluci\u00f3n CRA 873 de 2019\" \/>\n<meta property=\"og:url\" content=\"https:\/\/caudalesdecolombia.com.co\/arboretto\/contrato-de-condiciones-uniformes\/\" \/>\n<meta property=\"og:site_name\" content=\"Arboretto\" \/>\n<meta property=\"article:modified_time\" content=\"2025-07-15T22:44:16+00:00\" \/>\n<meta name=\"twitter:card\" content=\"summary_large_image\" \/>\n<meta name=\"twitter:label1\" content=\"Tiempo de lectura\" \/>\n\t<meta name=\"twitter:data1\" content=\"1 minuto\" \/>\n<script type=\"application\/ld+json\" class=\"yoast-schema-graph\">{\"@context\":\"https:\/\/schema.org\",\"@graph\":[{\"@type\":\"WebPage\",\"@id\":\"https:\/\/caudalesdecolombia.com.co\/arboretto\/contrato-de-condiciones-uniformes\/\",\"url\":\"https:\/\/caudalesdecolombia.com.co\/arboretto\/contrato-de-condiciones-uniformes\/\",\"name\":\"Contrato de Condiciones Uniformes - Arboretto\",\"isPartOf\":{\"@id\":\"https:\/\/caudalesdecolombia.com.co\/arboretto\/#website\"},\"datePublished\":\"2025-07-15T22:41:25+00:00\",\"dateModified\":\"2025-07-15T22:44:16+00:00\",\"breadcrumb\":{\"@id\":\"https:\/\/caudalesdecolombia.com.co\/arboretto\/contrato-de-condiciones-uniformes\/#breadcrumb\"},\"inLanguage\":\"es\",\"potentialAction\":[{\"@type\":\"ReadAction\",\"target\":[\"https:\/\/caudalesdecolombia.com.co\/arboretto\/contrato-de-condiciones-uniformes\/\"]}]},{\"@type\":\"BreadcrumbList\",\"@id\":\"https:\/\/caudalesdecolombia.com.co\/arboretto\/contrato-de-condiciones-uniformes\/#breadcrumb\",\"itemListElement\":[{\"@type\":\"ListItem\",\"position\":1,\"name\":\"Home\",\"item\":\"https:\/\/caudalesdecolombia.com.co\/arboretto\/\"},{\"@type\":\"ListItem\",\"position\":2,\"name\":\"Contrato de Condiciones Uniformes\"}]},{\"@type\":\"WebSite\",\"@id\":\"https:\/\/caudalesdecolombia.com.co\/arboretto\/#website\",\"url\":\"https:\/\/caudalesdecolombia.com.co\/arboretto\/\",\"name\":\"Arboretto\",\"description\":\"Prestaci\u00f3n del Servicio de Acueducto\",\"potentialAction\":[{\"@type\":\"SearchAction\",\"target\":{\"@type\":\"EntryPoint\",\"urlTemplate\":\"https:\/\/caudalesdecolombia.com.co\/arboretto\/?s={search_term_string}\"},\"query-input\":{\"@type\":\"PropertyValueSpecification\",\"valueRequired\":true,\"valueName\":\"search_term_string\"}}],\"inLanguage\":\"es\"}]}<\/script>\n<!-- \/ Yoast SEO Premium plugin. -->","yoast_head_json":{"title":"Contrato de Condiciones Uniformes - Arboretto","robots":{"index":"noindex","follow":"follow","max-snippet":"max-snippet:-1","max-image-preview":"max-image-preview:large","max-video-preview":"max-video-preview:-1"},"og_locale":"es_ES","og_type":"article","og_title":"Contrato de Condiciones Uniformes","og_description":"Inicio Condiciones uniformes del contrato para la prestaci\u00f3n del servicio p\u00fablico domiciliario de acueducto entre Aguas de Bogot\u00e1 S.A. E.S.P., y el suscriptor y\/o usuario Descargar PDF Nuevo Contrato de Condiciones Uniformes, conforme Resoluci\u00f3n CRA 873 de 2019","og_url":"https:\/\/caudalesdecolombia.com.co\/arboretto\/contrato-de-condiciones-uniformes\/","og_site_name":"Arboretto","article_modified_time":"2025-07-15T22:44:16+00:00","twitter_card":"summary_large_image","twitter_misc":{"Tiempo de lectura":"1 minuto"},"schema":{"@context":"https:\/\/schema.org","@graph":[{"@type":"WebPage","@id":"https:\/\/caudalesdecolombia.com.co\/arboretto\/contrato-de-condiciones-uniformes\/","url":"https:\/\/caudalesdecolombia.com.co\/arboretto\/contrato-de-condiciones-uniformes\/","name":"Contrato de Condiciones Uniformes - Arboretto","isPartOf":{"@id":"https:\/\/caudalesdecolombia.com.co\/arboretto\/#website"},"datePublished":"2025-07-15T22:41:25+00:00","dateModified":"2025-07-15T22:44:16+00:00","breadcrumb":{"@id":"https:\/\/caudalesdecolombia.com.co\/arboretto\/contrato-de-condiciones-uniformes\/#breadcrumb"},"inLanguage":"es","potentialAction":[{"@type":"ReadAction","target":["https:\/\/caudalesdecolombia.com.co\/arboretto\/contrato-de-condiciones-uniformes\/"]}]},{"@type":"BreadcrumbList","@id":"https:\/\/caudalesdecolombia.com.co\/arboretto\/contrato-de-condiciones-uniformes\/#breadcrumb","itemListElement":[{"@type":"ListItem","position":1,"name":"Home","item":"https:\/\/caudalesdecolombia.com.co\/arboretto\/"},{"@type":"ListItem","position":2,"name":"Contrato de Condiciones Uniformes"}]},{"@type":"WebSite","@id":"https:\/\/caudalesdecolombia.com.co\/arboretto\/#website","url":"https:\/\/caudalesdecolombia.com.co\/arboretto\/","name":"Arboretto","description":"Prestaci\u00f3n del Servicio de Acueducto","potentialAction":[{"@type":"SearchAction","target":{"@type":"EntryPoint","urlTemplate":"https:\/\/caudalesdecolombia.com.co\/arboretto\/?s={search_term_string}"},"query-input":{"@type":"PropertyValueSpecification","valueRequired":true,"valueName":"search_term_string"}}],"inLanguage":"es"}]}},"_links":{"self":[{"href":"https:\/\/caudalesdecolombia.com.co\/arboretto\/wp-json\/wp\/v2\/pages\/213","targetHints":{"allow":["GET"]}}],"collection":[{"href":"https:\/\/caudalesdecolombia.com.co\/arboretto\/wp-json\/wp\/v2\/pages"}],"about":[{"href":"https:\/\/caudalesdecolombia.com.co\/arboretto\/wp-json\/wp\/v2\/types\/page"}],"author":[{"embeddable":true,"href":"https:\/\/caudalesdecolombia.com.co\/arboretto\/wp-json\/wp\/v2\/users\/1"}],"replies":[{"embeddable":true,"href":"https:\/\/caudalesdecolombia.com.co\/arboretto\/wp-json\/wp\/v2\/comments?post=213"}],"version-history":[{"count":7,"href":"https:\/\/caudalesdecolombia.com.co\/arboretto\/wp-json\/wp\/v2\/pages\/213\/revisions"}],"predecessor-version":[{"id":221,"href":"https:\/\/caudalesdecolombia.com.co\/arboretto\/wp-json\/wp\/v2\/pages\/213\/revisions\/221"}],"wp:attachment":[{"href":"https:\/\/caudalesdecolombia.com.co\/arboretto\/wp-json\/wp\/v2\/media?parent=213"}],"curies":[{"name":"wp","href":"https:\/\/api.w.org\/{rel}","templated":true}]}}