{"id":236,"date":"2025-07-15T23:04:40","date_gmt":"2025-07-15T23:04:40","guid":{"rendered":"https:\/\/caudalesdecolombia.com.co\/arboretto\/?page_id=236"},"modified":"2025-07-16T03:23:21","modified_gmt":"2025-07-16T03:23:21","slug":"area-prestacion-del-servicio","status":"publish","type":"page","link":"https:\/\/caudalesdecolombia.com.co\/arboretto\/area-prestacion-del-servicio\/","title":{"rendered":"\u00c1rea Prestaci\u00f3n del Servicio"},"content":{"rendered":"\t\t<div data-elementor-type=\"wp-page\" data-elementor-id=\"236\" class=\"elementor elementor-236\" data-elementor-post-type=\"page\">\n\t\t\t\t<div class=\"elementor-element elementor-element-1b09ef6 e-flex e-con-boxed e-con e-parent\" data-id=\"1b09ef6\" data-element_type=\"container\" data-settings=\"{&quot;background_background&quot;:&quot;classic&quot;}\">\n\t\t\t\t\t<div class=\"e-con-inner\">\n\t\t\t\t<div class=\"elementor-element elementor-element-e6bdd65 elementor-widget elementor-widget-jet-breadcrumbs\" data-id=\"e6bdd65\" data-element_type=\"widget\" data-widget_type=\"jet-breadcrumbs.default\">\n\t\t\t\t<div class=\"elementor-widget-container\">\n\t\t\t\t\t<div class=\"elementor-jet-breadcrumbs jet-blocks\">\n\t\t<div class=\"jet-breadcrumbs\">\n\t\t<div class=\"jet-breadcrumbs__content\">\n\t\t<div class=\"jet-breadcrumbs__wrap\"><div class=\"jet-breadcrumbs__item\"><a href=\"https:\/\/caudalesdecolombia.com.co\/arboretto\/\" class=\"jet-breadcrumbs__item-link is-home\" rel=\"home\" title=\"Inicio\">Inicio<\/a><\/div>\n\t\t<\/div>\n\t\t<\/div>\n\t\t<\/div><\/div>\t\t\t\t<\/div>\n\t\t\t\t<\/div>\n\t\t\t\t<div class=\"elementor-element elementor-element-ef138dc elementor-widget-divider--view-line elementor-widget elementor-widget-divider\" data-id=\"ef138dc\" data-element_type=\"widget\" data-widget_type=\"divider.default\">\n\t\t\t\t<div class=\"elementor-widget-container\">\n\t\t\t\t\t\t\t<div class=\"elementor-divider\">\n\t\t\t<span class=\"elementor-divider-separator\">\n\t\t\t\t\t\t<\/span>\n\t\t<\/div>\n\t\t\t\t\t\t<\/div>\n\t\t\t\t<\/div>\n\t\t\t\t<div class=\"elementor-element elementor-element-449995b elementor-widget elementor-widget-heading\" data-id=\"449995b\" data-element_type=\"widget\" data-widget_type=\"heading.default\">\n\t\t\t\t<div class=\"elementor-widget-container\">\n\t\t\t\t\t<h1 class=\"elementor-heading-title elementor-size-default\">\u00c1rea Prestaci\u00f3n del Servicio<\/h1>\t\t\t\t<\/div>\n\t\t\t\t<\/div>\n\t\t\t\t\t<\/div>\n\t\t\t\t<\/div>\n\t\t<div class=\"elementor-element elementor-element-28b5a2b e-flex e-con-boxed e-con e-parent\" data-id=\"28b5a2b\" data-element_type=\"container\">\n\t\t\t\t\t<div class=\"e-con-inner\">\n\t\t\t\t<div class=\"elementor-element elementor-element-c2db7af elementor-widget elementor-widget-text-editor\" data-id=\"c2db7af\" data-element_type=\"widget\" data-widget_type=\"text-editor.default\">\n\t\t\t\t<div class=\"elementor-widget-container\">\n\t\t\t\t\t\t\t\t\t<p>El \u00e1rea de prestaci\u00f3n del servicio, se ubica en la urbanizaci\u00f3n Bosque Residencial Arboretto, localizada en la vereda Camino al Meta de la zona rural del municipio de la Calera, Cundinamarca.<\/p>\t\t\t\t\t\t\t\t<\/div>\n\t\t\t\t<\/div>\n\t\t\t\t<div class=\"elementor-element elementor-element-c29862e elementor-widget elementor-widget-image\" data-id=\"c29862e\" data-element_type=\"widget\" data-widget_type=\"image.default\">\n\t\t\t\t<div class=\"elementor-widget-container\">\n\t\t\t\t\t\t\t\t\t\t\t\t\t\t\t\t<a href=\"https:\/\/caudalesdecolombia.com.co\/arboretto\/wp-content\/uploads\/2025\/07\/AREA-DE-PRESTACION-DE-ARBORETTO-scaled-1.webp\" data-elementor-open-lightbox=\"yes\" data-elementor-lightbox-title=\"AREA-DE-PRESTACION-DE-ARBORETTO-scaled\" data-e-action-hash=\"#elementor-action%3Aaction%3Dlightbox%26settings%3DeyJpZCI6MjM5LCJ1cmwiOiJodHRwczpcL1wvY2F1ZGFsZXNkZWNvbG9tYmlhLmNvbS5jb1wvYXJib3JldHRvXC93cC1jb250ZW50XC91cGxvYWRzXC8yMDI1XC8wN1wvQVJFQS1ERS1QUkVTVEFDSU9OLURFLUFSQk9SRVRUTy1zY2FsZWQtMS53ZWJwIn0%3D\">\n\t\t\t\t\t\t\t<img fetchpriority=\"high\" decoding=\"async\" width=\"2560\" height=\"1810\" src=\"https:\/\/caudalesdecolombia.com.co\/arboretto\/wp-content\/uploads\/2025\/07\/AREA-DE-PRESTACION-DE-ARBORETTO-scaled-1.webp\" class=\"attachment-large size-large wp-image-239 not-transparent\" alt=\"\" srcset=\"https:\/\/caudalesdecolombia.com.co\/arboretto\/wp-content\/uploads\/2025\/07\/AREA-DE-PRESTACION-DE-ARBORETTO-scaled-1.webp 2560w, https:\/\/caudalesdecolombia.com.co\/arboretto\/wp-content\/uploads\/2025\/07\/AREA-DE-PRESTACION-DE-ARBORETTO-scaled-1-768x543.webp 768w, https:\/\/caudalesdecolombia.com.co\/arboretto\/wp-content\/uploads\/2025\/07\/AREA-DE-PRESTACION-DE-ARBORETTO-scaled-1-1536x1086.webp 1536w, https:\/\/caudalesdecolombia.com.co\/arboretto\/wp-content\/uploads\/2025\/07\/AREA-DE-PRESTACION-DE-ARBORETTO-scaled-1-2048x1448.webp 2048w\" sizes=\"(max-width: 2560px) 100vw, 2560px\" data-has-transparency=\"false\" data-dominant-color=\"48462f\" style=\"--dominant-color: #48462f\" \/>\t\t\t\t\t\t\t\t<\/a>\n\t\t\t\t\t\t\t\t\t\t\t\t\t\t\t<\/div>\n\t\t\t\t<\/div>\n\t\t\t\t\t<\/div>\n\t\t\t\t<\/div>\n\t\t\t\t<\/div>\n\t\t","protected":false},"excerpt":{"rendered":"<p>Inicio El \u00e1rea de prestaci\u00f3n del servicio, se ubica en la urbanizaci\u00f3n Bosque Residencial Arboretto, localizada en la vereda Camino al Meta de la zona rural del municipio de la Calera, Cundinamarca.<\/p>\n","protected":false},"author":1,"featured_media":0,"parent":0,"menu_order":0,"comment_status":"closed","ping_status":"closed","template":"","meta":{"footnotes":""},"class_list":["post-236","page","type-page","status-publish","hentry"],"yoast_head":"<!-- This site is optimized with the Yoast SEO Premium plugin v25.3.1 (Yoast SEO v25.3.1) - https:\/\/yoast.com\/wordpress\/plugins\/seo\/ -->\n<title>\u00c1rea Prestaci\u00f3n del Servicio - Arboretto<\/title>\n<meta name=\"robots\" content=\"noindex, follow, max-snippet:-1, max-image-preview:large, max-video-preview:-1\" \/>\n<meta property=\"og:locale\" content=\"es_ES\" \/>\n<meta property=\"og:type\" content=\"article\" \/>\n<meta property=\"og:title\" content=\"\u00c1rea Prestaci\u00f3n del Servicio\" \/>\n<meta property=\"og:description\" content=\"Inicio El \u00e1rea de prestaci\u00f3n del servicio, se ubica en la urbanizaci\u00f3n Bosque Residencial Arboretto, localizada en la vereda Camino al Meta de la zona rural del municipio de la Calera, Cundinamarca.\" \/>\n<meta property=\"og:url\" content=\"https:\/\/caudalesdecolombia.com.co\/arboretto\/area-prestacion-del-servicio\/\" \/>\n<meta property=\"og:site_name\" content=\"Arboretto\" \/>\n<meta property=\"article:modified_time\" content=\"2025-07-16T03:23:21+00:00\" \/>\n<meta property=\"og:image\" content=\"https:\/\/caudalesdecolombia.com.co\/arboretto\/wp-content\/uploads\/2025\/07\/AREA-DE-PRESTACION-DE-ARBORETTO-scaled-1.webp\" \/>\n\t<meta property=\"og:image:width\" content=\"2560\" \/>\n\t<meta property=\"og:image:height\" content=\"1810\" \/>\n\t<meta property=\"og:image:type\" content=\"image\/jpeg\" \/>\n<meta name=\"twitter:card\" content=\"summary_large_image\" \/>\n<meta name=\"twitter:label1\" content=\"Tiempo de lectura\" \/>\n\t<meta name=\"twitter:data1\" content=\"1 minuto\" \/>\n<script type=\"application\/ld+json\" class=\"yoast-schema-graph\">{\"@context\":\"https:\/\/schema.org\",\"@graph\":[{\"@type\":\"WebPage\",\"@id\":\"https:\/\/caudalesdecolombia.com.co\/arboretto\/area-prestacion-del-servicio\/\",\"url\":\"https:\/\/caudalesdecolombia.com.co\/arboretto\/area-prestacion-del-servicio\/\",\"name\":\"\u00c1rea Prestaci\u00f3n del Servicio - Arboretto\",\"isPartOf\":{\"@id\":\"https:\/\/caudalesdecolombia.com.co\/arboretto\/#website\"},\"primaryImageOfPage\":{\"@id\":\"https:\/\/caudalesdecolombia.com.co\/arboretto\/area-prestacion-del-servicio\/#primaryimage\"},\"image\":{\"@id\":\"https:\/\/caudalesdecolombia.com.co\/arboretto\/area-prestacion-del-servicio\/#primaryimage\"},\"thumbnailUrl\":\"https:\/\/caudalesdecolombia.com.co\/arboretto\/wp-content\/uploads\/2025\/07\/AREA-DE-PRESTACION-DE-ARBORETTO-scaled-1.webp\",\"datePublished\":\"2025-07-15T23:04:40+00:00\",\"dateModified\":\"2025-07-16T03:23:21+00:00\",\"breadcrumb\":{\"@id\":\"https:\/\/caudalesdecolombia.com.co\/arboretto\/area-prestacion-del-servicio\/#breadcrumb\"},\"inLanguage\":\"es\",\"potentialAction\":[{\"@type\":\"ReadAction\",\"target\":[\"https:\/\/caudalesdecolombia.com.co\/arboretto\/area-prestacion-del-servicio\/\"]}]},{\"@type\":\"ImageObject\",\"inLanguage\":\"es\",\"@id\":\"https:\/\/caudalesdecolombia.com.co\/arboretto\/area-prestacion-del-servicio\/#primaryimage\",\"url\":\"https:\/\/caudalesdecolombia.com.co\/arboretto\/wp-content\/uploads\/2025\/07\/AREA-DE-PRESTACION-DE-ARBORETTO-scaled-1.webp\",\"contentUrl\":\"https:\/\/caudalesdecolombia.com.co\/arboretto\/wp-content\/uploads\/2025\/07\/AREA-DE-PRESTACION-DE-ARBORETTO-scaled-1.webp\"},{\"@type\":\"BreadcrumbList\",\"@id\":\"https:\/\/caudalesdecolombia.com.co\/arboretto\/area-prestacion-del-servicio\/#breadcrumb\",\"itemListElement\":[{\"@type\":\"ListItem\",\"position\":1,\"name\":\"Home\",\"item\":\"https:\/\/caudalesdecolombia.com.co\/arboretto\/\"},{\"@type\":\"ListItem\",\"position\":2,\"name\":\"\u00c1rea Prestaci\u00f3n del Servicio\"}]},{\"@type\":\"WebSite\",\"@id\":\"https:\/\/caudalesdecolombia.com.co\/arboretto\/#website\",\"url\":\"https:\/\/caudalesdecolombia.com.co\/arboretto\/\",\"name\":\"Arboretto\",\"description\":\"Prestaci\u00f3n del Servicio de Acueducto\",\"potentialAction\":[{\"@type\":\"SearchAction\",\"target\":{\"@type\":\"EntryPoint\",\"urlTemplate\":\"https:\/\/caudalesdecolombia.com.co\/arboretto\/?s={search_term_string}\"},\"query-input\":{\"@type\":\"PropertyValueSpecification\",\"valueRequired\":true,\"valueName\":\"search_term_string\"}}],\"inLanguage\":\"es\"}]}<\/script>\n<!-- \/ Yoast SEO Premium plugin. -->","yoast_head_json":{"title":"\u00c1rea Prestaci\u00f3n del Servicio - Arboretto","robots":{"index":"noindex","follow":"follow","max-snippet":"max-snippet:-1","max-image-preview":"max-image-preview:large","max-video-preview":"max-video-preview:-1"},"og_locale":"es_ES","og_type":"article","og_title":"\u00c1rea Prestaci\u00f3n del Servicio","og_description":"Inicio El \u00e1rea de prestaci\u00f3n del servicio, se ubica en la urbanizaci\u00f3n Bosque Residencial Arboretto, localizada en la vereda Camino al Meta de la zona rural del municipio de la Calera, Cundinamarca.","og_url":"https:\/\/caudalesdecolombia.com.co\/arboretto\/area-prestacion-del-servicio\/","og_site_name":"Arboretto","article_modified_time":"2025-07-16T03:23:21+00:00","og_image":[{"width":2560,"height":1810,"url":"https:\/\/caudalesdecolombia.com.co\/arboretto\/wp-content\/uploads\/2025\/07\/AREA-DE-PRESTACION-DE-ARBORETTO-scaled-1.webp","type":"image\/jpeg"}],"twitter_card":"summary_large_image","twitter_misc":{"Tiempo de lectura":"1 minuto"},"schema":{"@context":"https:\/\/schema.org","@graph":[{"@type":"WebPage","@id":"https:\/\/caudalesdecolombia.com.co\/arboretto\/area-prestacion-del-servicio\/","url":"https:\/\/caudalesdecolombia.com.co\/arboretto\/area-prestacion-del-servicio\/","name":"\u00c1rea Prestaci\u00f3n del Servicio - Arboretto","isPartOf":{"@id":"https:\/\/caudalesdecolombia.com.co\/arboretto\/#website"},"primaryImageOfPage":{"@id":"https:\/\/caudalesdecolombia.com.co\/arboretto\/area-prestacion-del-servicio\/#primaryimage"},"image":{"@id":"https:\/\/caudalesdecolombia.com.co\/arboretto\/area-prestacion-del-servicio\/#primaryimage"},"thumbnailUrl":"https:\/\/caudalesdecolombia.com.co\/arboretto\/wp-content\/uploads\/2025\/07\/AREA-DE-PRESTACION-DE-ARBORETTO-scaled-1.webp","datePublished":"2025-07-15T23:04:40+00:00","dateModified":"2025-07-16T03:23:21+00:00","breadcrumb":{"@id":"https:\/\/caudalesdecolombia.com.co\/arboretto\/area-prestacion-del-servicio\/#breadcrumb"},"inLanguage":"es","potentialAction":[{"@type":"ReadAction","target":["https:\/\/caudalesdecolombia.com.co\/arboretto\/area-prestacion-del-servicio\/"]}]},{"@type":"ImageObject","inLanguage":"es","@id":"https:\/\/caudalesdecolombia.com.co\/arboretto\/area-prestacion-del-servicio\/#primaryimage","url":"https:\/\/caudalesdecolombia.com.co\/arboretto\/wp-content\/uploads\/2025\/07\/AREA-DE-PRESTACION-DE-ARBORETTO-scaled-1.webp","contentUrl":"https:\/\/caudalesdecolombia.com.co\/arboretto\/wp-content\/uploads\/2025\/07\/AREA-DE-PRESTACION-DE-ARBORETTO-scaled-1.webp"},{"@type":"BreadcrumbList","@id":"https:\/\/caudalesdecolombia.com.co\/arboretto\/area-prestacion-del-servicio\/#breadcrumb","itemListElement":[{"@type":"ListItem","position":1,"name":"Home","item":"https:\/\/caudalesdecolombia.com.co\/arboretto\/"},{"@type":"ListItem","position":2,"name":"\u00c1rea Prestaci\u00f3n del Servicio"}]},{"@type":"WebSite","@id":"https:\/\/caudalesdecolombia.com.co\/arboretto\/#website","url":"https:\/\/caudalesdecolombia.com.co\/arboretto\/","name":"Arboretto","description":"Prestaci\u00f3n del Servicio de Acueducto","potentialAction":[{"@type":"SearchAction","target":{"@type":"EntryPoint","urlTemplate":"https:\/\/caudalesdecolombia.com.co\/arboretto\/?s={search_term_string}"},"query-input":{"@type":"PropertyValueSpecification","valueRequired":true,"valueName":"search_term_string"}}],"inLanguage":"es"}]}},"_links":{"self":[{"href":"https:\/\/caudalesdecolombia.com.co\/arboretto\/wp-json\/wp\/v2\/pages\/236","targetHints":{"allow":["GET"]}}],"collection":[{"href":"https:\/\/caudalesdecolombia.com.co\/arboretto\/wp-json\/wp\/v2\/pages"}],"about":[{"href":"https:\/\/caudalesdecolombia.com.co\/arboretto\/wp-json\/wp\/v2\/types\/page"}],"author":[{"embeddable":true,"href":"https:\/\/caudalesdecolombia.com.co\/arboretto\/wp-json\/wp\/v2\/users\/1"}],"replies":[{"embeddable":true,"href":"https:\/\/caudalesdecolombia.com.co\/arboretto\/wp-json\/wp\/v2\/comments?post=236"}],"version-history":[{"count":7,"href":"https:\/\/caudalesdecolombia.com.co\/arboretto\/wp-json\/wp\/v2\/pages\/236\/revisions"}],"predecessor-version":[{"id":245,"href":"https:\/\/caudalesdecolombia.com.co\/arboretto\/wp-json\/wp\/v2\/pages\/236\/revisions\/245"}],"wp:attachment":[{"href":"https:\/\/caudalesdecolombia.com.co\/arboretto\/wp-json\/wp\/v2\/media?parent=236"}],"curies":[{"name":"wp","href":"https:\/\/api.w.org\/{rel}","templated":true}]}}